{"id":60,"date":"2026-01-07T09:32:12","date_gmt":"2026-01-07T09:32:12","guid":{"rendered":"https:\/\/osteosoleil.ch\/?page_id=60"},"modified":"2026-01-22T07:35:17","modified_gmt":"2026-01-22T07:35:17","slug":"deroulement-dune-consultation","status":"publish","type":"page","link":"https:\/\/osteosoleil.ch\/?page_id=60","title":{"rendered":"D\u00e9roulement d&rsquo;une consultation"},"content":{"rendered":"<div>A propos<\/div>\n<h1>D\u00e9roulement d&rsquo;une consultation<\/h1>\n<ul>\n<li>\n<p>        <img decoding=\"async\" src=\"\/wp-content\/uploads\/photo-1450101499163-c8848c66ca85-scaled.jpg\" alt=\"\"><\/p>\n<h2>Anamn\u00e8se<\/h2>\n<div>\n<p>La consultation commence par une anamn\u00e8se compl\u00e8te (interrogatoire), concernant votre motif de consultation, les modalit\u00e9s de vos douleurs, vos ant\u00e9c\u00e9dents m\u00e9dicaux, ainsi que vos habitudes de vie.<\/p>\n<\/div>\n<p><a href=\"#\">Read More<\/a><\/p>\n<\/li>\n<li>\n<p>        <img decoding=\"async\" src=\"\/wp-content\/uploads\/photo-1576091160550-2173dba999ef-scaled.jpg\" alt=\"\"><\/p>\n<h2>Examen clinique<\/h2>\n<div>\n<p>Il s&rsquo;en suit un examen clinique m\u00e9dical, afin d\u2019exclure notamment toute pathologie organique et, en cas de n\u00e9cessit\u00e9, vous rediriger vers une autre profession de la sant\u00e9.\u00a0<\/p>\n<\/div>\n<p><a href=\"#\">Read More<\/a><\/p>\n<\/li>\n<li>\n<p>        <img decoding=\"async\" src=\"\/wp-content\/uploads\/photo-1699523229208-be1e1dd9252d.jpg\" alt=\"\"><\/p>\n<h2>Manipulations ost\u00e9opathiques<\/h2>\n<div>\n<p>Une s\u00e9rie de tests ost\u00e9opathiques sp\u00e9cifiques, afin de traiter manuellement les restrictions de mobilit\u00e9s, est alors effectu\u00e9e.\u00a0<\/p>\n<p>Les techniques ost\u00e9opathiques peuvent \u00eatres tissulaires, visc\u00e9rales, cr\u00e2niennes, structurelles, fonctionnelles, myotensives. Elles sont adapt\u00e9es en fonctions du-de la patient-e et de ses restrictions.<\/p>\n<\/div>\n<p><a href=\"#\">Read More<\/a><\/p>\n<\/li>\n<li>\n<p>        <img decoding=\"async\" src=\"\/wp-content\/uploads\/photo-1540206276207-3af25c08abc4-scaled.jpg\" alt=\"\"><\/p>\n<h2>Conseil et suivi<\/h2>\n<div>\n<p>Si n\u00e9cessaire des conseils peuvent \u00eatre donn\u00e9s ou montr\u00e9s, tels que des \u00e9tirements, des exercices, etc.<\/p>\n<p>Concernant le suivi de traitement, le praticien en d\u00e9cide en fonction du besoin en fin de consultation.\u00a0<\/p>\n<\/div>\n<p><a href=\"#\">Read More<\/a><\/p>\n<\/li>\n<\/ul>\n<p><!--more--><br \/>\n<!-- {\"type\":\"layout\",\"children\":[{\"type\":\"section\",\"props\":{\"header_transparent\":false,\"header_transparent_noplaceholder\":true,\"height\":\"section\",\"height_offset_top\":true,\"height_viewport\":80,\"image\":\"wp-content\\\/uploads\\\/photo-1678220052098-77f725f29578-scaled.jpg\",\"image_effect\":\"parallax\",\"image_loading\":true,\"image_parallax_bgy\":\"-5vh,4vh\",\"image_parallax_easing\":\"1\",\"image_position\":\"center-center\",\"image_size\":\"cover\",\"image_width\":\"2560\",\"overlap\":true,\"padding\":\"xlarge\",\"style\":\"default\",\"text_color\":\"light\",\"title_breakpoint\":\"xl\",\"title_position\":\"top-left\",\"title_rotation\":\"left\",\"vertical_align\":\"middle\",\"video_width\":\"2560\",\"width\":\"large\"},\"children\":[{\"type\":\"row\",\"props\":{\"margin\":\"remove-vertical\"},\"children\":[{\"type\":\"column\",\"props\":{\"image_position\":\"center-center\",\"position_sticky_breakpoint\":\"m\",\"width_medium\":\"1-1\"},\"children\":[{\"type\":\"headline\",\"props\":{\"content\":\"A propos\",\"margin\":\"small\",\"text_align\":\"center\",\"title_element\":\"div\",\"title_font_family\":\"tertiary\",\"title_style\":\"h3\"}},{\"type\":\"headline\",\"props\":{\"block_align\":\"center\",\"content\":\"D\\u00e9roulement d'une consultation\",\"margin_remove_top\":true,\"maxwidth\":\"2xlarge\",\"text_align\":\"center\",\"title_element\":\"h1\",\"title_style\":\"heading-medium\"}}]}]}],\"name\":\"Hero\"},{\"type\":\"section\",\"props\":{\"image_position\":\"center-center\",\"style\":\"default\",\"title_breakpoint\":\"xl\",\"title_position\":\"top-left\",\"title_rotation\":\"left\",\"vertical_align\":\"\",\"width\":\"large\"},\"children\":[{\"type\":\"row\",\"children\":[{\"type\":\"column\",\"props\":{\"image_position\":\"center-center\",\"position_sticky_breakpoint\":\"m\"},\"children\":[{\"type\":\"grid\",\"props\":{\"content_column_breakpoint\":\"m\",\"filter_align\":\"left\",\"filter_all\":true,\"filter_grid_breakpoint\":\"m\",\"filter_grid_width\":\"auto\",\"filter_position\":\"top\",\"filter_style\":\"tab\",\"grid_column_gap\":\"large\",\"grid_default\":\"1\",\"grid_medium\":\"2\",\"grid_row_gap\":\"large\",\"icon_width\":80,\"image_align\":\"top\",\"image_grid_breakpoint\":\"m\",\"image_grid_width\":\"1-2\",\"image_height\":300,\"image_link\":true,\"image_svg_color\":\"emphasis\",\"image_width\":300,\"item_animation\":true,\"lightbox_bg_close\":true,\"link_margin\":\"medium\",\"link_style\":\"default\",\"link_text\":\"Read More\",\"margin\":\"default\",\"meta_align\":\"below-title\",\"meta_element\":\"div\",\"meta_style\":\"text-meta\",\"panel_expand\":\"content\",\"parallax_easing\":\"1\",\"show_content\":true,\"show_hover_image\":true,\"show_hover_video\":true,\"show_image\":true,\"show_link\":false,\"show_meta\":true,\"show_title\":true,\"show_video\":true,\"title_align\":\"top\",\"title_element\":\"h2\",\"title_grid_breakpoint\":\"m\",\"title_grid_width\":\"1-2\",\"title_hover_style\":\"reset\",\"title_link\":true,\"title_margin\":\"medium\"},\"children\":[{\"type\":\"grid_item\",\"props\":{\"content\":\"\n\n<p>La consultation commence par une anamn\\u00e8se compl\\u00e8te (interrogatoire), concernant votre motif de consultation, les modalit\\u00e9s de vos douleurs, vos ant\\u00e9c\\u00e9dents m\\u00e9dicaux, ainsi que vos habitudes de vie.<\\\/p>\",\"image\":\"wp-content\\\/uploads\\\/photo-1450101499163-c8848c66ca85-scaled.jpg\",\"item_element\":\"article\",\"link\":\"#\",\"title\":\"Anamn\\u00e8se\"}},{\"type\":\"grid_item\",\"props\":{\"content\":\"\n\n<p>Il s'en suit un examen clinique m\\u00e9dical, afin d\\u2019exclure notamment toute pathologie organique et, en cas de n\\u00e9cessit\\u00e9, vous rediriger vers une autre profession de la sant\\u00e9.\\u00a0<\\\/p>\",\"image\":\"wp-content\\\/uploads\\\/photo-1576091160550-2173dba999ef-scaled.jpg\",\"item_element\":\"article\",\"link\":\"#\",\"title\":\"Examen clinique\"}},{\"type\":\"grid_item\",\"props\":{\"content\":\"\n\n<p>Une s\\u00e9rie de tests ost\\u00e9opathiques sp\\u00e9cifiques, afin de traiter manuellement les restrictions de mobilit\\u00e9s, est alors effectu\\u00e9e.\\u00a0<\\\/p>\\n\n\n<p>Les techniques ost\\u00e9opathiques peuvent \\u00eatres tissulaires, visc\\u00e9rales, cr\\u00e2niennes, structurelles, fonctionnelles, myotensives. Elles sont adapt\\u00e9es en fonctions du-de la patient-e et de ses restrictions.<\\\/p>\",\"image\":\"wp-content\\\/uploads\\\/photo-1699523229208-be1e1dd9252d.jpg\",\"item_element\":\"article\",\"link\":\"#\",\"title\":\"Manipulations ost\\u00e9opathiques\"}},{\"type\":\"grid_item\",\"props\":{\"content\":\"\n\n<p>Si n\\u00e9cessaire des conseils peuvent \\u00eatre donn\\u00e9s ou montr\\u00e9s, tels que des \\u00e9tirements, des exercices, etc.<\\\/p>\\n\n\n<p>Concernant le suivi de traitement, le praticien en d\\u00e9cide en fonction du besoin en fin de consultation.\\u00a0<\\\/p>\",\"image\":\"wp-content\\\/uploads\\\/photo-1540206276207-3af25c08abc4-scaled.jpg\",\"item_element\":\"article\",\"link\":\"#\",\"title\":\"Conseil et suivi\"}}]}]}]}],\"name\":\"Posts\"}],\"version\":\"4.5.33\"} --><\/p>\n","protected":false},"excerpt":{"rendered":"<p>A propos D\u00e9roulement d&rsquo;une consultation Anamn\u00e8se La consultation commence par une anamn\u00e8se compl\u00e8te (interrogatoire), concernant votre motif de consultation, les modalit\u00e9s de vos douleurs, vos ant\u00e9c\u00e9dents m\u00e9dicaux, ainsi que vos habitudes de vie. Read More Examen clinique Il s&rsquo;en suit un examen clinique m\u00e9dical, afin d\u2019exclure notamment toute pathologie organique et, en cas de n\u00e9cessit\u00e9, [&hellip;]<\/p>\n","protected":false},"author":3,"featured_media":0,"parent":0,"menu_order":0,"comment_status":"closed","ping_status":"closed","template":"","meta":{"footnotes":""},"class_list":["post-60","page","type-page","status-publish","hentry"],"yoast_head":"<!-- This site is optimized with the Yoast SEO plugin v27.4 - https:\/\/yoast.com\/product\/yoast-seo-wordpress\/ -->\n<title>D\u00e9roulement d&#039;une consultation - Osteosoleil<\/title>\n<meta name=\"robots\" content=\"index, follow, max-snippet:-1, max-image-preview:large, max-video-preview:-1\" \/>\n<link rel=\"canonical\" href=\"https:\/\/osteosoleil.ch\/?page_id=60\" \/>\n<meta property=\"og:locale\" content=\"fr_FR\" \/>\n<meta property=\"og:type\" content=\"article\" \/>\n<meta property=\"og:title\" content=\"D\u00e9roulement d&#039;une consultation - Osteosoleil\" \/>\n<meta property=\"og:description\" content=\"A propos D\u00e9roulement d&rsquo;une consultation Anamn\u00e8se La consultation commence par une anamn\u00e8se compl\u00e8te (interrogatoire), concernant votre motif de consultation, les modalit\u00e9s de vos douleurs, vos ant\u00e9c\u00e9dents m\u00e9dicaux, ainsi que vos habitudes de vie. Read More Examen clinique Il s&rsquo;en suit un examen clinique m\u00e9dical, afin d\u2019exclure notamment toute pathologie organique et, en cas de n\u00e9cessit\u00e9, [&hellip;]\" \/>\n<meta property=\"og:url\" content=\"https:\/\/osteosoleil.ch\/?page_id=60\" \/>\n<meta property=\"og:site_name\" content=\"Osteosoleil\" \/>\n<meta property=\"article:publisher\" content=\"https:\/\/www.instagram.com\/osteosoleil?igsh=YmNhaHE3dXF5bTZq\" \/>\n<meta property=\"article:modified_time\" content=\"2026-01-22T07:35:17+00:00\" \/>\n<meta name=\"twitter:card\" content=\"summary_large_image\" \/>\n<meta name=\"twitter:label1\" content=\"Dur\u00e9e de lecture estim\u00e9e\" \/>\n\t<meta name=\"twitter:data1\" content=\"1 minute\" \/>\n<script type=\"application\/ld+json\" class=\"yoast-schema-graph\">{\"@context\":\"https:\\\/\\\/schema.org\",\"@graph\":[{\"@type\":\"WebPage\",\"@id\":\"https:\\\/\\\/osteosoleil.ch\\\/?page_id=60\",\"url\":\"https:\\\/\\\/osteosoleil.ch\\\/?page_id=60\",\"name\":\"D\u00e9roulement d'une consultation - Osteosoleil\",\"isPartOf\":{\"@id\":\"https:\\\/\\\/osteosoleil.ch\\\/#website\"},\"datePublished\":\"2026-01-07T09:32:12+00:00\",\"dateModified\":\"2026-01-22T07:35:17+00:00\",\"breadcrumb\":{\"@id\":\"https:\\\/\\\/osteosoleil.ch\\\/?page_id=60#breadcrumb\"},\"inLanguage\":\"fr-FR\",\"potentialAction\":[{\"@type\":\"ReadAction\",\"target\":[\"https:\\\/\\\/osteosoleil.ch\\\/?page_id=60\"]}]},{\"@type\":\"BreadcrumbList\",\"@id\":\"https:\\\/\\\/osteosoleil.ch\\\/?page_id=60#breadcrumb\",\"itemListElement\":[{\"@type\":\"ListItem\",\"position\":1,\"name\":\"Accueil\",\"item\":\"https:\\\/\\\/osteosoleil.ch\\\/\"},{\"@type\":\"ListItem\",\"position\":2,\"name\":\"D\u00e9roulement d&rsquo;une consultation\"}]},{\"@type\":\"WebSite\",\"@id\":\"https:\\\/\\\/osteosoleil.ch\\\/#website\",\"url\":\"https:\\\/\\\/osteosoleil.ch\\\/\",\"name\":\"Osteosoleil\",\"description\":\"\",\"publisher\":{\"@id\":\"https:\\\/\\\/osteosoleil.ch\\\/#organization\"},\"potentialAction\":[{\"@type\":\"SearchAction\",\"target\":{\"@type\":\"EntryPoint\",\"urlTemplate\":\"https:\\\/\\\/osteosoleil.ch\\\/?s={search_term_string}\"},\"query-input\":{\"@type\":\"PropertyValueSpecification\",\"valueRequired\":true,\"valueName\":\"search_term_string\"}}],\"inLanguage\":\"fr-FR\"},{\"@type\":\"Organization\",\"@id\":\"https:\\\/\\\/osteosoleil.ch\\\/#organization\",\"name\":\"Osteosoleil\",\"url\":\"https:\\\/\\\/osteosoleil.ch\\\/\",\"logo\":{\"@type\":\"ImageObject\",\"inLanguage\":\"fr-FR\",\"@id\":\"https:\\\/\\\/osteosoleil.ch\\\/#\\\/schema\\\/logo\\\/image\\\/\",\"url\":\"https:\\\/\\\/osteosoleil.ch\\\/wp-content\\\/uploads\\\/2026\\\/01\\\/dark-green-and-cream-vintage-clothes-fashion-logo.png\",\"contentUrl\":\"https:\\\/\\\/osteosoleil.ch\\\/wp-content\\\/uploads\\\/2026\\\/01\\\/dark-green-and-cream-vintage-clothes-fashion-logo.png\",\"width\":500,\"height\":500,\"caption\":\"Osteosoleil\"},\"image\":{\"@id\":\"https:\\\/\\\/osteosoleil.ch\\\/#\\\/schema\\\/logo\\\/image\\\/\"},\"sameAs\":[\"https:\\\/\\\/www.instagram.com\\\/osteosoleil?igsh=YmNhaHE3dXF5bTZq\"]}]}<\/script>\n<!-- \/ Yoast SEO plugin. -->","yoast_head_json":{"title":"D\u00e9roulement d'une consultation - Osteosoleil","robots":{"index":"index","follow":"follow","max-snippet":"max-snippet:-1","max-image-preview":"max-image-preview:large","max-video-preview":"max-video-preview:-1"},"canonical":"https:\/\/osteosoleil.ch\/?page_id=60","og_locale":"fr_FR","og_type":"article","og_title":"D\u00e9roulement d'une consultation - Osteosoleil","og_description":"A propos D\u00e9roulement d&rsquo;une consultation Anamn\u00e8se La consultation commence par une anamn\u00e8se compl\u00e8te (interrogatoire), concernant votre motif de consultation, les modalit\u00e9s de vos douleurs, vos ant\u00e9c\u00e9dents m\u00e9dicaux, ainsi que vos habitudes de vie. Read More Examen clinique Il s&rsquo;en suit un examen clinique m\u00e9dical, afin d\u2019exclure notamment toute pathologie organique et, en cas de n\u00e9cessit\u00e9, [&hellip;]","og_url":"https:\/\/osteosoleil.ch\/?page_id=60","og_site_name":"Osteosoleil","article_publisher":"https:\/\/www.instagram.com\/osteosoleil?igsh=YmNhaHE3dXF5bTZq","article_modified_time":"2026-01-22T07:35:17+00:00","twitter_card":"summary_large_image","twitter_misc":{"Dur\u00e9e de lecture estim\u00e9e":"1 minute"},"schema":{"@context":"https:\/\/schema.org","@graph":[{"@type":"WebPage","@id":"https:\/\/osteosoleil.ch\/?page_id=60","url":"https:\/\/osteosoleil.ch\/?page_id=60","name":"D\u00e9roulement d'une consultation - Osteosoleil","isPartOf":{"@id":"https:\/\/osteosoleil.ch\/#website"},"datePublished":"2026-01-07T09:32:12+00:00","dateModified":"2026-01-22T07:35:17+00:00","breadcrumb":{"@id":"https:\/\/osteosoleil.ch\/?page_id=60#breadcrumb"},"inLanguage":"fr-FR","potentialAction":[{"@type":"ReadAction","target":["https:\/\/osteosoleil.ch\/?page_id=60"]}]},{"@type":"BreadcrumbList","@id":"https:\/\/osteosoleil.ch\/?page_id=60#breadcrumb","itemListElement":[{"@type":"ListItem","position":1,"name":"Accueil","item":"https:\/\/osteosoleil.ch\/"},{"@type":"ListItem","position":2,"name":"D\u00e9roulement d&rsquo;une consultation"}]},{"@type":"WebSite","@id":"https:\/\/osteosoleil.ch\/#website","url":"https:\/\/osteosoleil.ch\/","name":"Osteosoleil","description":"","publisher":{"@id":"https:\/\/osteosoleil.ch\/#organization"},"potentialAction":[{"@type":"SearchAction","target":{"@type":"EntryPoint","urlTemplate":"https:\/\/osteosoleil.ch\/?s={search_term_string}"},"query-input":{"@type":"PropertyValueSpecification","valueRequired":true,"valueName":"search_term_string"}}],"inLanguage":"fr-FR"},{"@type":"Organization","@id":"https:\/\/osteosoleil.ch\/#organization","name":"Osteosoleil","url":"https:\/\/osteosoleil.ch\/","logo":{"@type":"ImageObject","inLanguage":"fr-FR","@id":"https:\/\/osteosoleil.ch\/#\/schema\/logo\/image\/","url":"https:\/\/osteosoleil.ch\/wp-content\/uploads\/2026\/01\/dark-green-and-cream-vintage-clothes-fashion-logo.png","contentUrl":"https:\/\/osteosoleil.ch\/wp-content\/uploads\/2026\/01\/dark-green-and-cream-vintage-clothes-fashion-logo.png","width":500,"height":500,"caption":"Osteosoleil"},"image":{"@id":"https:\/\/osteosoleil.ch\/#\/schema\/logo\/image\/"},"sameAs":["https:\/\/www.instagram.com\/osteosoleil?igsh=YmNhaHE3dXF5bTZq"]}]}},"_links":{"self":[{"href":"https:\/\/osteosoleil.ch\/index.php?rest_route=\/wp\/v2\/pages\/60","targetHints":{"allow":["GET"]}}],"collection":[{"href":"https:\/\/osteosoleil.ch\/index.php?rest_route=\/wp\/v2\/pages"}],"about":[{"href":"https:\/\/osteosoleil.ch\/index.php?rest_route=\/wp\/v2\/types\/page"}],"author":[{"embeddable":true,"href":"https:\/\/osteosoleil.ch\/index.php?rest_route=\/wp\/v2\/users\/3"}],"replies":[{"embeddable":true,"href":"https:\/\/osteosoleil.ch\/index.php?rest_route=%2Fwp%2Fv2%2Fcomments&post=60"}],"version-history":[{"count":27,"href":"https:\/\/osteosoleil.ch\/index.php?rest_route=\/wp\/v2\/pages\/60\/revisions"}],"predecessor-version":[{"id":445,"href":"https:\/\/osteosoleil.ch\/index.php?rest_route=\/wp\/v2\/pages\/60\/revisions\/445"}],"wp:attachment":[{"href":"https:\/\/osteosoleil.ch\/index.php?rest_route=%2Fwp%2Fv2%2Fmedia&parent=60"}],"curies":[{"name":"wp","href":"https:\/\/api.w.org\/{rel}","templated":true}]}}