{"id":66,"date":"2026-01-12T09:21:33","date_gmt":"2026-01-12T09:21:33","guid":{"rendered":"https:\/\/osteosoleil.ch\/?page_id=66"},"modified":"2026-02-20T19:30:39","modified_gmt":"2026-02-20T19:30:39","slug":"losteopathie","status":"publish","type":"page","link":"https:\/\/osteosoleil.ch\/?page_id=66","title":{"rendered":"L&rsquo;ost\u00e9opathie"},"content":{"rendered":"<p><img decoding=\"async\" src=\"\/wp-content\/uploads\/photo-1716996236828-18583f5abe5d-scaled.jpg\" alt=\"\"><\/p>\n<h1>L&rsquo;ost\u00e9opathie, mais pour quoi:<\/h1>\n<h1>\n<h2>Les motifs de consultation<\/h2>\n<\/h1>\n<div>\n<p>L&rsquo;ost\u00e9opathe traite le-la patient-e dans sa globalit\u00e9, c&rsquo;est pourquoi notre champ d&rsquo;action est \u00e9tendu et peut prendre en charge de nombreux troubles fonctionnels.<\/p>\n<\/div>\n<h1>L&rsquo;ost\u00e9opathe<\/h1>\n<p><img decoding=\"async\" src=\"\/wp-content\/uploads\/photo-1699523229208-be1e1dd9252d-scaled.jpg\" alt=\"\"><\/p>\n<div>\n<p>A la fois art, science et philosophie, l&rsquo;ost\u00e9opathie est une m\u00e9decine naturelle holistique \u00e0 part enti\u00e8re, dans le sens o\u00f9 elle ne s&rsquo;attache pas uniquement au sympt\u00f4me ou \u00e0 la maladie, mais consid\u00e8re l&rsquo;individu dans sa globalit\u00e9.<br \/>Un diagnostic sp\u00e9cifique permet de mettre en \u00e9vidence les causes des diff\u00e9rents d\u00e9s\u00e9quilibres.<br \/>Par des techniques manuelles sur tous les tissus du corps, elle suscite, \u00e9quilibre et facilite les r\u00e9actions naturelles d&rsquo;auto-r\u00e9gulation et d&rsquo;auto- gu\u00e9rison.<\/p>\n<p>Elle permet le r\u00e9tablissmeent et le maintiens de la sant\u00e9 ainsi que la pr\u00e9vention de la maladie.\u00a0<\/p>\n<\/div>\n<p><p>\n        <a href=\"https:\/\/www.fso-svo.ch\/fr\/principes-de-losteopathie\">D\u00e9finition de l&rsquo;ost\u00e9opathie selon la F\u00e9d\u00e9ration Suisse de l&rsquo;Ost\u00e9opathie ( FSO)<\/a>\n    <\/p>\n<\/p>\n<h2><span class=\"uk-text-primary\">L\u2019ost\u00e9opathie, mais pour qui :\u00a0<\/span><\/h2>\n<ul>\n<li>\n<h3>La femme enceinte <\/h3>\n<div>\n<p>Sciatique, confort pendant la grossesse, douleurs du coccyx, pr\u00e9parer le bassin \u00e0 l&rsquo;accouchement, etc.<\/p>\n<\/div>\n<\/li>\n<li>\n<h3>Le nouveau n\u00e9, le nourisson<\/h3>\n<div>\n<p>Plagioc\u00e9phalie posturale, torticolis, colique, allaitement, trouble du sommeil, reflux, constipation, etc.<\/p>\n<\/div>\n<\/li>\n<li>\n<h3>L&rsquo;enfant, l&rsquo;adolescent<\/h3>\n<div>\n<p>Douleurs de croissance, trouble de la statique posturale, infections ORL \u00e0 r\u00e9p\u00e9tition, troubles du sommeil et de la concentration, probl\u00e8mes digestifs, probl\u00e8mes urinaires,<br \/>etc.<\/p>\n<\/div>\n<\/li>\n<li>\n<h3>Les personnes ag\u00e9es<\/h3>\n<div>\n<p>douleurs articulaires d\u00e9g\u00e9n\u00e9ratives, rhumatisme, am\u00e9lioration de la mobilit\u00e9, de l&rsquo;\u00e9quilibre etc.<\/p>\n<\/div>\n<\/li>\n<li>\n<h3>Le sportif<\/h3>\n<div>\n<p>Pr\u00e9vention des blessures, optimisation des performances, suite \u00e0 une chute, un traumatisme, entorse, tendinopathie, douleurs articulaires, musculaires, nerveuses, etc.<\/p>\n<\/div>\n<\/li>\n<\/ul>\n<h2><span>L\u2019ost\u00e9opathie, mais comment:\u00a0<\/span><\/h2>\n<p><img decoding=\"async\" src=\"\/wp-content\/uploads\/photo-1743767587874-b6887c888ea1-scaled.jpg\" alt=\"\"><\/p>\n<h1>\n<h2>Techniques ost\u00e9opathiques<\/h2>\n<\/h1>\n<div>\n<p>Les manipulations ost\u00e9opathiques diff\u00e8rent selon la formation, l&rsquo;exp\u00e9rience et le ressenti du th\u00e9rapeute en fonction du besoin du corps du patient. Elles sont \u00e0 disposition du th\u00e9rapeute, afin de retrouver l&rsquo;hom\u00e9ostasie fonctionnelle du corps humain.<\/p>\n<\/div>\n<ul>\n<li>\n<p><a href=\"https:\/\/oosteo.com\/blog\/2020\/03\/losteopathie-dans-le-traitement-des-fascias\/\">Techniques fasciales<\/a><\/p>\n<\/li>\n<li>\n<p><a href=\"https:\/\/fr.wikipedia.org\/wiki\/Techniques_myotensives\">Techniques myotensives<\/a><\/p>\n<\/li>\n<li>\n<p><a href=\"https:\/\/www.sf-osteopathie.fr\/osteopathie-structurelle\/\">Techniques ost\u00e9oarticulaires (HVBA)<\/a><\/p>\n<\/li>\n<li>\n<p><a href=\"https:\/\/www.medoucine.com\/pratiques\/osteopathie\/viscerale\">Techniques visc\u00e9rales<\/a><\/p>\n<\/li>\n<li>\n<p><a href=\"https:\/\/osteopataenbarcelona.com\/fr\/techniques\/techniques-fonctionnelles\/\">Techniques fonctionnelles<\/a><\/p>\n<\/li>\n<li>\n<p><a href=\"https:\/\/psychaanalyse.com\/pdf\/TRAITEMENT%20GENERAL%20OSTEOPATHIQUE%20(1%20Page%20-%2045%20Ko).pdf\">Techniques g\u00e9n\u00e9rales ost\u00e9opathiques (TGO)<\/a><\/p>\n<\/li>\n<li>\n<p><a href=\"https:\/\/www.medoucine.com\/pratiques\/osteopathie\/cranienne\">Techniques cr\u00e2niennes<\/a><\/p>\n<\/li>\n<li>\n<div>\n<ul class=\"uk-list\" data-id=\"page#3-1-1-2\" data-element=\"\">\n<li class=\"el-item\">\n<div class=\"el-content uk-panel\">Techniques cranio sacr\u00e9e<\/div>\n<\/li>\n<\/ul>\n<\/div>\n<\/li>\n<\/ul>\n<h3>Le magazine \u00ab\u00a0Mains Libres\u00a0\u00bb est dor\u00e9navant en libre acc\u00e8s pour ne louper aucune information concernant l&rsquo;ost\u00e9opathie. <\/h3>\n<p><p>\n        <a href=\"https:\/\/www.mainslibres.ch\">Cliquez ici  pour voir le magazine <\/a>\n    <\/p>\n<\/p>\n<p><!--more--><br \/>\n<!-- {\"type\":\"layout\",\"children\":[{\"name\":\"Hero\",\"type\":\"section\",\"props\":{\"image_position\":\"center-center\",\"padding_bottom\":\"small\",\"padding_top\":\"small\",\"style\":\"default\",\"title\":\"L'ost\u00e9opathie, mais pour quoi\",\"title_breakpoint\":\"l\",\"title_position\":\"center-right\",\"title_rotation\":\"left\",\"vertical_align\":\"\",\"width\":\"expand\"},\"children\":[{\"type\":\"row\",\"props\":{\"layout\":\"1-3,2-3\"},\"children\":[{\"type\":\"column\",\"props\":{\"image_position\":\"center-center\",\"position_sticky_breakpoint\":\"m\",\"width_medium\":\"1-3\"},\"children\":[{\"type\":\"image\",\"props\":{\"image\":\"wp-content\/uploads\/photo-1716996236828-18583f5abe5d-scaled.jpg\",\"image_svg_color\":\"emphasis\",\"margin_bottom\":\"default\",\"margin_top\":\"default\"}}]},{\"type\":\"column\",\"props\":{\"image_position\":\"center-center\",\"position_sticky_breakpoint\":\"m\",\"width_medium\":\"2-3\"},\"children\":[{\"type\":\"headline\",\"props\":{\"content\":\"L'ost\u00e9opathie, mais pour quoi:\",\"image_align\":\"left\",\"image_margin\":\"xsmall\",\"title_element\":\"h1\"}},{\"type\":\"headline\",\"props\":{\"content\":\"\n\n<h2>Les motifs de consultation<\/h2>\n\n\",\"image_align\":\"left\",\"image_margin\":\"xsmall\",\"title_decoration\":\"line\",\"title_element\":\"h1\",\"title_style\":\"heading-small\"}},{\"type\":\"text\",\"props\":{\"column_breakpoint\":\"m\",\"content\":\"\n\n<p>L'ost\u00e9opathe traite le-la patient-e dans sa globalit\u00e9, c'est pourquoi notre champ d'action est \u00e9tendu et peut prendre en charge de nombreux troubles fonctionnels.<\/p>\n\n\",\"margin_bottom\":\"medium\",\"margin_top\":\"medium\",\"maxwidth\":\"large\"}}]}]}]},{\"name\":\"About\",\"type\":\"section\",\"props\":{\"image\":\"wp-content\/uploads\/pattern.svg\",\"image_effect\":\"parallax\",\"image_parallax_bgy\":\"160,600\",\"image_parallax_easing\":\"1\",\"image_position\":\"top-right\",\"image_width\":\"350\",\"media_visibility\":\"xl\",\"padding_bottom\":\"large\",\"padding_top\":\"large\",\"style\":\"default\",\"title_breakpoint\":\"xl\",\"title_position\":\"top-left\",\"title_rotation\":\"left\",\"vertical_align\":\"\",\"width\":\"xlarge\"},\"children\":[{\"type\":\"row\",\"props\":{\"margin_bottom\":\"large\",\"margin_top\":\"large\",\"width\":\"small\"},\"children\":[{\"type\":\"column\",\"props\":{\"image_position\":\"center-center\",\"position_sticky_breakpoint\":\"m\",\"width_medium\":\"1-1\"},\"children\":[{\"type\":\"headline\",\"props\":{\"content\":\"L'ost\u00e9opathe\",\"image_align\":\"left\",\"image_margin\":\"xsmall\",\"title_decoration\":\"line\",\"title_element\":\"h1\",\"title_style\":\"heading-small\"}}]}]},{\"type\":\"row\",\"props\":{\"column_gap\":\"large\",\"layout\":\"1-2,1-2\",\"row_gap\":\"large\",\"width\":\"default\"},\"children\":[{\"type\":\"column\",\"props\":{\"image_position\":\"center-center\",\"position_sticky_breakpoint\":\"m\",\"vertical_align\":\"middle\",\"width_medium\":\"1-2\"},\"children\":[{\"type\":\"image\",\"props\":{\"image\":\"wp-content\/uploads\/photo-1699523229208-be1e1dd9252d-scaled.jpg\",\"image_svg_color\":\"emphasis\",\"image_width\":\"899\",\"margin_bottom\":\"default\",\"margin_top\":\"default\"}}]},{\"type\":\"column\",\"props\":{\"image_position\":\"center-center\",\"position_sticky_breakpoint\":\"m\",\"vertical_align\":\"middle\",\"width_medium\":\"1-2\"},\"children\":[{\"type\":\"text\",\"props\":{\"column_breakpoint\":\"m\",\"content\":\"\n\n<p>A la fois art, science et philosophie, l'ost\u00e9opathie est une m\u00e9decine naturelle holistique \u00e0 part enti\u00e8re, dans le sens o\u00f9 elle ne s'attache pas uniquement au sympt\u00f4me ou \u00e0 la maladie, mais consid\u00e8re l'individu dans sa globalit\u00e9.<br \/>Un diagnostic sp\u00e9cifique permet de mettre en \u00e9vidence les causes des diff\u00e9rents d\u00e9s\u00e9quilibres.<br \/>Par des techniques manuelles sur tous les tissus du corps, elle suscite, \u00e9quilibre et facilite les r\u00e9actions naturelles d'auto-r\u00e9gulation et d'auto- gu\u00e9rison.<\/p>\n\n\\n\n\n<p>Elle permet le r\u00e9tablissmeent et le maintiens de la sant\u00e9 ainsi que la pr\u00e9vention de la maladie.\u00a0<\/p>\n\n\",\"margin_bottom\":\"medium\",\"margin_top\":\"medium\",\"maxwidth\":\"large\"}},{\"type\":\"button\",\"props\":{\"grid_column_gap\":\"small\",\"grid_row_gap\":\"small\",\"margin_bottom\":\"default\",\"margin_top\":\"default\"},\"children\":[{\"type\":\"button_item\",\"props\":{\"button_style\":\"text\",\"content\":\"D\u00e9finition de l'ost\u00e9opathie selon la F\u00e9d\u00e9ration Suisse de l'Ost\u00e9opathie ( FSO)\",\"dialog_layout\":\"modal\",\"dialog_offcanvas_flip\":true,\"icon_align\":\"left\",\"link\":\"https:\/\/www.fso-svo.ch\/fr\/principes-de-losteopathie\"}}]}]}]}]},{\"name\":\"Services\",\"type\":\"section\",\"props\":{\"image\":\"wp-content\/uploads\/pattern.svg\",\"image_effect\":\"parallax\",\"image_parallax_bgy\":\"-100,100\",\"image_parallax_easing\":\"1\",\"image_position\":\"center-right\",\"image_width\":\"350\",\"media_visibility\":\"xl\",\"style\":\"default\",\"title_breakpoint\":\"xl\",\"title_position\":\"top-left\",\"title_rotation\":\"left\",\"vertical_align\":\"\",\"width\":\"small\"},\"children\":[{\"type\":\"row\",\"children\":[{\"type\":\"column\",\"props\":{\"image_position\":\"center-center\",\"position_sticky_breakpoint\":\"m\",\"width_medium\":\"1-1\"},\"children\":[{\"type\":\"headline\",\"props\":{\"content\":\"<span class=\\\"uk-text-primary\\\">L\u2019ost\u00e9opathie, mais pour qui :\u00a0<\/span>\",\"image_align\":\"left\",\"image_margin\":\"xsmall\",\"margin_bottom\":\"large\",\"margin_top\":\"large\",\"title_decoration\":\"line\",\"title_element\":\"h2\",\"title_style\":\"heading-small\"}},{\"type\":\"grid\",\"props\":{\"content_column_breakpoint\":\"m\",\"filter_align\":\"left\",\"filter_all\":true,\"filter_grid_breakpoint\":\"m\",\"filter_grid_width\":\"auto\",\"filter_position\":\"top\",\"filter_style\":\"tab\",\"grid_column_gap\":\"large\",\"grid_default\":\"1\",\"grid_medium\":\"3\",\"grid_row_gap\":\"large\",\"grid_small\":\"2\",\"image_align\":\"top\",\"image_grid_breakpoint\":\"m\",\"image_grid_width\":\"1-2\",\"image_svg_color\":\"emphasis\",\"item_animation\":true,\"lightbox_bg_close\":true,\"link_style\":\"default\",\"link_text\":\"Read more\",\"margin_bottom\":\"default\",\"margin_top\":\"default\",\"meta_align\":\"below-title\",\"meta_element\":\"div\",\"meta_style\":\"text-meta\",\"parallax_easing\":\"1\",\"show_content\":true,\"show_hover_image\":true,\"show_hover_video\":true,\"show_image\":true,\"show_link\":true,\"show_meta\":true,\"show_title\":true,\"show_video\":true,\"title_align\":\"top\",\"title_element\":\"h3\",\"title_grid_breakpoint\":\"m\",\"title_grid_width\":\"1-2\",\"title_hover_style\":\"reset\",\"title_style\":\"h4\"},\"children\":[{\"type\":\"grid_item\",\"props\":{\"content\":\"\n\n<p>Sciatique, confort pendant la grossesse, douleurs du coccyx, pr\u00e9parer le bassin \u00e0 l'accouchement, etc.<\/p>\n\n\",\"title\":\"La femme enceinte \"}},{\"type\":\"grid_item\",\"props\":{\"content\":\"\n\n<p>Plagioc\u00e9phalie posturale, torticolis, colique, allaitement, trouble du sommeil, reflux, constipation, etc.<\/p>\n\n\",\"title\":\"Le nouveau n\u00e9, le nourisson\"}},{\"type\":\"grid_item\",\"props\":{\"content\":\"\n\n<p>Douleurs de croissance, trouble de la statique posturale, infections ORL \u00e0 r\u00e9p\u00e9tition, troubles du sommeil et de la concentration, probl\u00e8mes digestifs, probl\u00e8mes urinaires,<br \/>etc.<\/p>\n\n\",\"title\":\"L'enfant, l'adolescent\"}},{\"type\":\"grid_item\",\"props\":{\"content\":\"\n\n<p>douleurs articulaires d\u00e9g\u00e9n\u00e9ratives, rhumatisme, am\u00e9lioration de la mobilit\u00e9, de l'\u00e9quilibre etc.<\/p>\n\n\",\"title\":\"Les personnes ag\u00e9es\"}},{\"type\":\"grid_item\",\"props\":{\"content\":\"\n\n<p>Pr\u00e9vention des blessures, optimisation des performances, suite \u00e0 une chute, un traumatisme, entorse, tendinopathie, douleurs articulaires, musculaires, nerveuses, etc.<\/p>\n\n\",\"title\":\"Le sportif\"}}]}]}]}]},{\"name\":\"Services\",\"type\":\"section\",\"props\":{\"image\":\"wp-content\/uploads\/pattern.svg\",\"image_effect\":\"parallax\",\"image_parallax_bgy\":\"-100,100\",\"image_parallax_easing\":\"1\",\"image_position\":\"center-right\",\"image_width\":\"350\",\"media_visibility\":\"xl\",\"style\":\"default\",\"title_breakpoint\":\"xl\",\"title_position\":\"top-left\",\"title_rotation\":\"left\",\"vertical_align\":\"\",\"width\":\"small\"},\"children\":[{\"type\":\"row\",\"children\":[{\"type\":\"column\",\"props\":{\"image_position\":\"center-center\",\"position_sticky_breakpoint\":\"m\",\"width_medium\":\"1-1\"},\"children\":[{\"type\":\"headline\",\"props\":{\"content\":\"<span>L\u2019ost\u00e9opathie, mais comment:\u00a0<\/span>\",\"image_align\":\"left\",\"image_margin\":\"xsmall\",\"margin_bottom\":\"large\",\"margin_top\":\"large\",\"title_decoration\":\"line\",\"title_element\":\"h2\",\"title_style\":\"heading-small\"}}]}]},{\"type\":\"row\",\"props\":{\"column_gap\":\"large\",\"layout\":\"1-2,1-2\",\"row_gap\":\"large\",\"width\":\"default\"},\"children\":[{\"type\":\"column\",\"props\":{\"image_position\":\"center-center\",\"position_sticky_breakpoint\":\"m\",\"vertical_align\":\"middle\",\"width_medium\":\"1-2\"},\"children\":[{\"type\":\"image\",\"props\":{\"image\":\"wp-content\/uploads\/photo-1743767587874-b6887c888ea1-scaled.jpg\",\"image_svg_color\":\"emphasis\",\"image_width\":\"899\",\"margin_bottom\":\"default\",\"margin_top\":\"default\"}}]},{\"type\":\"column\",\"props\":{\"image_position\":\"center-center\",\"position_sticky_breakpoint\":\"m\",\"vertical_align\":\"middle\",\"width_medium\":\"1-2\"},\"children\":[{\"type\":\"headline\",\"props\":{\"content\":\"\n\n<h2>Techniques ost\u00e9opathiques<\/h2>\n\n\",\"image_align\":\"left\",\"image_margin\":\"xsmall\",\"title_decoration\":\"line\",\"title_element\":\"h1\",\"title_style\":\"heading-small\"}},{\"type\":\"text\",\"props\":{\"column_breakpoint\":\"m\",\"content\":\"\n\n<p>Les manipulations ost\u00e9opathiques diff\u00e8rent selon la formation, l'exp\u00e9rience et le ressenti du th\u00e9rapeute en fonction du besoin du corps du patient. Elles sont \u00e0 disposition du th\u00e9rapeute, afin de retrouver l'hom\u00e9ostasie fonctionnelle du corps humain.<\/p>\n\n\",\"margin_bottom\":\"medium\",\"margin_top\":\"medium\",\"maxwidth\":\"large\"}},{\"type\":\"list\",\"props\":{\"column_breakpoint\":\"m\",\"image_align\":\"left\",\"image_svg_color\":\"emphasis\",\"image_vertical_align\":true,\"list_element\":\"ul\",\"list_horizontal_separator\":\", \",\"list_type\":\"vertical\",\"show_image\":true,\"show_link\":true},\"children\":[{\"type\":\"list_item\",\"props\":{\"content\":\"Techniques fasciales\",\"link\":\"https:\/\/oosteo.com\/blog\/2020\/03\/losteopathie-dans-le-traitement-des-fascias\/\"}},{\"type\":\"list_item\",\"props\":{\"content\":\"Techniques myotensives\",\"link\":\"https:\/\/fr.wikipedia.org\/wiki\/Techniques_myotensives\"}},{\"type\":\"list_item\",\"props\":{\"content\":\"Techniques ost\u00e9oarticulaires (HVBA)\",\"link\":\"https:\/\/www.sf-osteopathie.fr\/osteopathie-structurelle\/\"}},{\"type\":\"list_item\",\"props\":{\"content\":\"Techniques visc\u00e9rales\",\"link\":\"https:\/\/www.medoucine.com\/pratiques\/osteopathie\/viscerale\"}},{\"type\":\"list_item\",\"props\":{\"content\":\"Techniques fonctionnelles\",\"link\":\"https:\/\/osteopataenbarcelona.com\/fr\/techniques\/techniques-fonctionnelles\/\"}},{\"type\":\"list_item\",\"props\":{\"content\":\"Techniques g\u00e9n\u00e9rales ost\u00e9opathiques (TGO)\",\"link\":\"https:\/\/psychaanalyse.com\/pdf\/TRAITEMENT%20GENERAL%20OSTEOPATHIQUE%20(1%20Page%20-%2045%20Ko).pdf\"}},{\"type\":\"list_item\",\"props\":{\"content\":\"Techniques cr\u00e2niennes\",\"link\":\"https:\/\/www.medoucine.com\/pratiques\/osteopathie\/cranienne\"}},{\"type\":\"list_item\",\"props\":{\"content\":\"\n\n<ul class=\\\"uk-list\\\" data-id=\\\"page#3-1-1-2\\\" data-element=\\\"\\\">\\n\n\n<li class=\\\"el-item\\\">\\n\n\n<div class=\\\"el-content uk-panel\\\">Techniques cranio sacr\u00e9e<\/div>\n\n\\n<\/li>\n\n\\n<\/ul>\n\n\"}}]}]}]}]},{\"type\":\"section\",\"props\":{\"image_position\":\"center-center\",\"style\":\"default\",\"title_breakpoint\":\"xl\",\"title_position\":\"top-left\",\"title_rotation\":\"left\",\"vertical_align\":\"middle\",\"width\":\"default\"},\"children\":[{\"type\":\"row\",\"children\":[{\"type\":\"column\",\"props\":{\"image_position\":\"center-center\",\"position_sticky_breakpoint\":\"m\"},\"children\":[{\"type\":\"headline\",\"props\":{\"content\":\"Le magazine \\\"Mains Libres\\\" est dor\u00e9navant en libre acc\u00e8s pour ne louper aucune information concernant l'ost\u00e9opathie. \",\"image_align\":\"left\",\"image_margin\":\"xsmall\",\"title_element\":\"h3\"}},{\"type\":\"button\",\"props\":{\"grid_column_gap\":\"small\",\"grid_row_gap\":\"small\",\"margin_bottom\":\"default\",\"margin_top\":\"default\"},\"children\":[{\"type\":\"button_item\",\"props\":{\"button_style\":\"primary\",\"content\":\"Cliquez ici  pour voir le magazine \",\"dialog_layout\":\"modal\",\"dialog_offcanvas_flip\":true,\"icon_align\":\"left\",\"link\":\"https:\/\/www.mainslibres.ch\"}}]}]}]}]}],\"version\":\"5.0.11\"} --><\/p>\n","protected":false},"excerpt":{"rendered":"<p>L&rsquo;ost\u00e9opathie, mais pour quoi: Les motifs de consultation L&rsquo;ost\u00e9opathe traite le-la patient-e dans sa globalit\u00e9, c&rsquo;est pourquoi notre champ d&rsquo;action est \u00e9tendu et peut prendre en charge de nombreux troubles fonctionnels. L&rsquo;ost\u00e9opathe A la fois art, science et philosophie, l&rsquo;ost\u00e9opathie est une m\u00e9decine naturelle holistique \u00e0 part enti\u00e8re, dans le sens o\u00f9 elle ne s&rsquo;attache [&hellip;]<\/p>\n","protected":false},"author":3,"featured_media":0,"parent":0,"menu_order":0,"comment_status":"closed","ping_status":"closed","template":"","meta":{"footnotes":""},"class_list":["post-66","page","type-page","status-publish","hentry"],"yoast_head":"<!-- This site is optimized with the Yoast SEO plugin v27.4 - https:\/\/yoast.com\/product\/yoast-seo-wordpress\/ -->\n<title>L&#039;ost\u00e9opathie - Osteosoleil<\/title>\n<meta name=\"robots\" content=\"index, follow, max-snippet:-1, max-image-preview:large, max-video-preview:-1\" \/>\n<link rel=\"canonical\" href=\"https:\/\/osteosoleil.ch\/?page_id=66\" \/>\n<meta property=\"og:locale\" content=\"fr_FR\" \/>\n<meta property=\"og:type\" content=\"article\" \/>\n<meta property=\"og:title\" content=\"L&#039;ost\u00e9opathie - Osteosoleil\" \/>\n<meta property=\"og:description\" content=\"L&rsquo;ost\u00e9opathie, mais pour quoi: Les motifs de consultation L&rsquo;ost\u00e9opathe traite le-la patient-e dans sa globalit\u00e9, c&rsquo;est pourquoi notre champ d&rsquo;action est \u00e9tendu et peut prendre en charge de nombreux troubles fonctionnels. L&rsquo;ost\u00e9opathe A la fois art, science et philosophie, l&rsquo;ost\u00e9opathie est une m\u00e9decine naturelle holistique \u00e0 part enti\u00e8re, dans le sens o\u00f9 elle ne s&rsquo;attache [&hellip;]\" \/>\n<meta property=\"og:url\" content=\"https:\/\/osteosoleil.ch\/?page_id=66\" \/>\n<meta property=\"og:site_name\" content=\"Osteosoleil\" \/>\n<meta property=\"article:publisher\" content=\"https:\/\/www.instagram.com\/osteosoleil?igsh=YmNhaHE3dXF5bTZq\" \/>\n<meta property=\"article:modified_time\" content=\"2026-02-20T19:30:39+00:00\" \/>\n<meta name=\"twitter:card\" content=\"summary_large_image\" \/>\n<meta name=\"twitter:label1\" content=\"Dur\u00e9e de lecture estim\u00e9e\" \/>\n\t<meta name=\"twitter:data1\" content=\"2 minutes\" \/>\n<script type=\"application\/ld+json\" class=\"yoast-schema-graph\">{\"@context\":\"https:\\\/\\\/schema.org\",\"@graph\":[{\"@type\":\"WebPage\",\"@id\":\"https:\\\/\\\/osteosoleil.ch\\\/?page_id=66\",\"url\":\"https:\\\/\\\/osteosoleil.ch\\\/?page_id=66\",\"name\":\"L'ost\u00e9opathie - Osteosoleil\",\"isPartOf\":{\"@id\":\"https:\\\/\\\/osteosoleil.ch\\\/#website\"},\"datePublished\":\"2026-01-12T09:21:33+00:00\",\"dateModified\":\"2026-02-20T19:30:39+00:00\",\"breadcrumb\":{\"@id\":\"https:\\\/\\\/osteosoleil.ch\\\/?page_id=66#breadcrumb\"},\"inLanguage\":\"fr-FR\",\"potentialAction\":[{\"@type\":\"ReadAction\",\"target\":[\"https:\\\/\\\/osteosoleil.ch\\\/?page_id=66\"]}]},{\"@type\":\"BreadcrumbList\",\"@id\":\"https:\\\/\\\/osteosoleil.ch\\\/?page_id=66#breadcrumb\",\"itemListElement\":[{\"@type\":\"ListItem\",\"position\":1,\"name\":\"Accueil\",\"item\":\"https:\\\/\\\/osteosoleil.ch\\\/\"},{\"@type\":\"ListItem\",\"position\":2,\"name\":\"L&rsquo;ost\u00e9opathie\"}]},{\"@type\":\"WebSite\",\"@id\":\"https:\\\/\\\/osteosoleil.ch\\\/#website\",\"url\":\"https:\\\/\\\/osteosoleil.ch\\\/\",\"name\":\"Osteosoleil\",\"description\":\"\",\"publisher\":{\"@id\":\"https:\\\/\\\/osteosoleil.ch\\\/#organization\"},\"potentialAction\":[{\"@type\":\"SearchAction\",\"target\":{\"@type\":\"EntryPoint\",\"urlTemplate\":\"https:\\\/\\\/osteosoleil.ch\\\/?s={search_term_string}\"},\"query-input\":{\"@type\":\"PropertyValueSpecification\",\"valueRequired\":true,\"valueName\":\"search_term_string\"}}],\"inLanguage\":\"fr-FR\"},{\"@type\":\"Organization\",\"@id\":\"https:\\\/\\\/osteosoleil.ch\\\/#organization\",\"name\":\"Osteosoleil\",\"url\":\"https:\\\/\\\/osteosoleil.ch\\\/\",\"logo\":{\"@type\":\"ImageObject\",\"inLanguage\":\"fr-FR\",\"@id\":\"https:\\\/\\\/osteosoleil.ch\\\/#\\\/schema\\\/logo\\\/image\\\/\",\"url\":\"https:\\\/\\\/osteosoleil.ch\\\/wp-content\\\/uploads\\\/2026\\\/01\\\/dark-green-and-cream-vintage-clothes-fashion-logo.png\",\"contentUrl\":\"https:\\\/\\\/osteosoleil.ch\\\/wp-content\\\/uploads\\\/2026\\\/01\\\/dark-green-and-cream-vintage-clothes-fashion-logo.png\",\"width\":500,\"height\":500,\"caption\":\"Osteosoleil\"},\"image\":{\"@id\":\"https:\\\/\\\/osteosoleil.ch\\\/#\\\/schema\\\/logo\\\/image\\\/\"},\"sameAs\":[\"https:\\\/\\\/www.instagram.com\\\/osteosoleil?igsh=YmNhaHE3dXF5bTZq\"]}]}<\/script>\n<!-- \/ Yoast SEO plugin. -->","yoast_head_json":{"title":"L'ost\u00e9opathie - Osteosoleil","robots":{"index":"index","follow":"follow","max-snippet":"max-snippet:-1","max-image-preview":"max-image-preview:large","max-video-preview":"max-video-preview:-1"},"canonical":"https:\/\/osteosoleil.ch\/?page_id=66","og_locale":"fr_FR","og_type":"article","og_title":"L'ost\u00e9opathie - Osteosoleil","og_description":"L&rsquo;ost\u00e9opathie, mais pour quoi: Les motifs de consultation L&rsquo;ost\u00e9opathe traite le-la patient-e dans sa globalit\u00e9, c&rsquo;est pourquoi notre champ d&rsquo;action est \u00e9tendu et peut prendre en charge de nombreux troubles fonctionnels. L&rsquo;ost\u00e9opathe A la fois art, science et philosophie, l&rsquo;ost\u00e9opathie est une m\u00e9decine naturelle holistique \u00e0 part enti\u00e8re, dans le sens o\u00f9 elle ne s&rsquo;attache [&hellip;]","og_url":"https:\/\/osteosoleil.ch\/?page_id=66","og_site_name":"Osteosoleil","article_publisher":"https:\/\/www.instagram.com\/osteosoleil?igsh=YmNhaHE3dXF5bTZq","article_modified_time":"2026-02-20T19:30:39+00:00","twitter_card":"summary_large_image","twitter_misc":{"Dur\u00e9e de lecture estim\u00e9e":"2 minutes"},"schema":{"@context":"https:\/\/schema.org","@graph":[{"@type":"WebPage","@id":"https:\/\/osteosoleil.ch\/?page_id=66","url":"https:\/\/osteosoleil.ch\/?page_id=66","name":"L'ost\u00e9opathie - Osteosoleil","isPartOf":{"@id":"https:\/\/osteosoleil.ch\/#website"},"datePublished":"2026-01-12T09:21:33+00:00","dateModified":"2026-02-20T19:30:39+00:00","breadcrumb":{"@id":"https:\/\/osteosoleil.ch\/?page_id=66#breadcrumb"},"inLanguage":"fr-FR","potentialAction":[{"@type":"ReadAction","target":["https:\/\/osteosoleil.ch\/?page_id=66"]}]},{"@type":"BreadcrumbList","@id":"https:\/\/osteosoleil.ch\/?page_id=66#breadcrumb","itemListElement":[{"@type":"ListItem","position":1,"name":"Accueil","item":"https:\/\/osteosoleil.ch\/"},{"@type":"ListItem","position":2,"name":"L&rsquo;ost\u00e9opathie"}]},{"@type":"WebSite","@id":"https:\/\/osteosoleil.ch\/#website","url":"https:\/\/osteosoleil.ch\/","name":"Osteosoleil","description":"","publisher":{"@id":"https:\/\/osteosoleil.ch\/#organization"},"potentialAction":[{"@type":"SearchAction","target":{"@type":"EntryPoint","urlTemplate":"https:\/\/osteosoleil.ch\/?s={search_term_string}"},"query-input":{"@type":"PropertyValueSpecification","valueRequired":true,"valueName":"search_term_string"}}],"inLanguage":"fr-FR"},{"@type":"Organization","@id":"https:\/\/osteosoleil.ch\/#organization","name":"Osteosoleil","url":"https:\/\/osteosoleil.ch\/","logo":{"@type":"ImageObject","inLanguage":"fr-FR","@id":"https:\/\/osteosoleil.ch\/#\/schema\/logo\/image\/","url":"https:\/\/osteosoleil.ch\/wp-content\/uploads\/2026\/01\/dark-green-and-cream-vintage-clothes-fashion-logo.png","contentUrl":"https:\/\/osteosoleil.ch\/wp-content\/uploads\/2026\/01\/dark-green-and-cream-vintage-clothes-fashion-logo.png","width":500,"height":500,"caption":"Osteosoleil"},"image":{"@id":"https:\/\/osteosoleil.ch\/#\/schema\/logo\/image\/"},"sameAs":["https:\/\/www.instagram.com\/osteosoleil?igsh=YmNhaHE3dXF5bTZq"]}]}},"_links":{"self":[{"href":"https:\/\/osteosoleil.ch\/index.php?rest_route=\/wp\/v2\/pages\/66","targetHints":{"allow":["GET"]}}],"collection":[{"href":"https:\/\/osteosoleil.ch\/index.php?rest_route=\/wp\/v2\/pages"}],"about":[{"href":"https:\/\/osteosoleil.ch\/index.php?rest_route=\/wp\/v2\/types\/page"}],"author":[{"embeddable":true,"href":"https:\/\/osteosoleil.ch\/index.php?rest_route=\/wp\/v2\/users\/3"}],"replies":[{"embeddable":true,"href":"https:\/\/osteosoleil.ch\/index.php?rest_route=%2Fwp%2Fv2%2Fcomments&post=66"}],"version-history":[{"count":62,"href":"https:\/\/osteosoleil.ch\/index.php?rest_route=\/wp\/v2\/pages\/66\/revisions"}],"predecessor-version":[{"id":598,"href":"https:\/\/osteosoleil.ch\/index.php?rest_route=\/wp\/v2\/pages\/66\/revisions\/598"}],"wp:attachment":[{"href":"https:\/\/osteosoleil.ch\/index.php?rest_route=%2Fwp%2Fv2%2Fmedia&parent=66"}],"curies":[{"name":"wp","href":"https:\/\/api.w.org\/{rel}","templated":true}]}}